{"id":123,"date":"2019-08-26T16:24:48","date_gmt":"2019-08-26T16:24:48","guid":{"rendered":"http:\/\/petravonthienen.gruene-mering.de\/?page_id=123"},"modified":"2019-08-26T16:24:49","modified_gmt":"2019-08-26T16:24:49","slug":"impressum","status":"publish","type":"page","link":"https:\/\/petravonthienen.de\/?page_id=123","title":{"rendered":"Impressum"},"content":{"rendered":"\n<p><strong>Kontakt<\/strong><\/p>\n\n\n\n<p>Petra von Thienen<br>Sachseng\u00e4sschen 3<br>86415 Mering<br><a href=\"mailto:kontakt@petravonthienen.de\">E-Mail<\/a><\/p>\n\n\n\n<hr class=\"wp-block-separator\"\/>\n\n\n\n<p><strong>Website-Gestaltung<\/strong><br>Bernhard Konrad<br>Schlossm\u00fchlstr. 17<br>86415 Mering<br><a href=\"mailto:webmaster@gruene-mering.de\">E-Mail<\/a><\/p>\n\n\n\n<p>Verantwortlich f\u00fcr dieses Angebot nach Paragraph 5 TMG:<br>Bernhard Konrad (Anschrift wie oben)<\/p>\n\n\n\n<p>Content Management System: WordPress<br>Hoster: Strato AG<\/p>\n\n\n\n<h5 class=\"wp-block-heading\"><strong>Datenschutzerkl\u00e4rung<\/strong><\/h5>\n\n\n\n<p>Wir wissen, dass Sie dem Thema Datenschutz gro\u00dfe Bedeutung beimessen. Deshalb ist uns der Schutz Ihrer pers\u00f6nlichen Daten ein wichtiges Anliegen. Details finden Sie in unserer <strong><a href=\"http:\/\/petravonthienen.de\/?page_id=100\">Datenschutzerkl\u00e4rung<\/a><\/strong>.<\/p>\n\n\n\n<h5 class=\"wp-block-heading\"><strong>Kommentar- \/ Blogfunktion<\/strong><\/h5>\n\n\n\n<p>Kommentare mit rassistischen, beleidigendem oder anst\u00f6\u00dfigem Inhalt werden von den Adminstratoren zeitnah entfernt. <\/p>\n\n\n\n<h5 class=\"wp-block-heading\">Urheberrecht<\/h5>\n\n\n\n<p>Die durch die Seitenbetreiber erstellten Inhalte und Werke auf diesen&nbsp; Seiten unterliegen dem deutschen Urheberrecht. Die Vervielf\u00e4ltigung,&nbsp; Bearbeitung, Verbreitung und jede Art der Verwertung au\u00dferhalb der&nbsp; Grenzen des Urheberrechtes bed\u00fcrfen der schriftlichen Zustimmung des&nbsp; jeweiligen Autors bzw. Erstellers. Downloads und Kopien dieser Seite&nbsp; sind nur f\u00fcr den privaten, nicht kommerziellen Gebrauch gestattet.&nbsp; Soweit die Inhalte auf dieser Seite nicht vom Betreiber erstellt wurden, werden die Urheberrechte Dritter beachtet. Insbesondere werden Inhalte&nbsp; Dritter als solche gekennzeichnet. Sollten Sie trotzdem auf eine&nbsp; Urheberrechtsverletzung aufmerksam werden, bitten wir um einen&nbsp; entsprechenden Hinweis. Bei Bekanntwerden von Rechtsverletzungen werden&nbsp; wir derartige Inhalte umgehend entfernen.<\/p>\n\n\n\n<p>Teile dieses Website Impressums wurden erstellt durch <a href=\"http:\/\/www.impressum-generator.de\" target=\"_blank\" rel=\"noreferrer noopener\">impressum-generator.de<\/a> von Franziska Hasselbach.<\/p>\n","protected":false},"excerpt":{"rendered":"<p>Kontakt Petra von ThienenSachseng\u00e4sschen 386415 MeringE-Mail Website-GestaltungBernhard KonradSchlossm\u00fchlstr. 1786415 MeringE-Mail Verantwortlich f\u00fcr dieses Angebot nach Paragraph 5 TMG:Bernhard Konrad (Anschrift wie oben) Content Management System: WordPressHoster: Strato AG Datenschutzerkl\u00e4rung Wir&#8230; <\/p>\n","protected":false},"author":2,"featured_media":0,"parent":0,"menu_order":0,"comment_status":"closed","ping_status":"closed","template":"","meta":{"footnotes":""},"jetpack_sharing_enabled":true,"_links":{"self":[{"href":"https:\/\/petravonthienen.de\/index.php?rest_route=\/wp\/v2\/pages\/123"}],"collection":[{"href":"https:\/\/petravonthienen.de\/index.php?rest_route=\/wp\/v2\/pages"}],"about":[{"href":"https:\/\/petravonthienen.de\/index.php?rest_route=\/wp\/v2\/types\/page"}],"author":[{"embeddable":true,"href":"https:\/\/petravonthienen.de\/index.php?rest_route=\/wp\/v2\/users\/2"}],"replies":[{"embeddable":true,"href":"https:\/\/petravonthienen.de\/index.php?rest_route=%2Fwp%2Fv2%2Fcomments&post=123"}],"version-history":[{"count":3,"href":"https:\/\/petravonthienen.de\/index.php?rest_route=\/wp\/v2\/pages\/123\/revisions"}],"predecessor-version":[{"id":127,"href":"https:\/\/petravonthienen.de\/index.php?rest_route=\/wp\/v2\/pages\/123\/revisions\/127"}],"wp:attachment":[{"href":"https:\/\/petravonthienen.de\/index.php?rest_route=%2Fwp%2Fv2%2Fmedia&parent=123"}],"curies":[{"name":"wp","href":"https:\/\/api.w.org\/{rel}","templated":true}]}}