{"id":15,"date":"2019-08-21T17:30:17","date_gmt":"2019-08-21T17:30:17","guid":{"rendered":"http:\/\/petravonthienen.gruene-mering.de\/?page_id=15"},"modified":"2024-07-29T09:49:09","modified_gmt":"2024-07-29T09:49:09","slug":"mach-mit","status":"publish","type":"page","link":"https:\/\/petravonthienen.de\/?page_id=15","title":{"rendered":"Mach mit!"},"content":{"rendered":"\n<p>Was ich als Kommunalpolitikerin und Umweltbeauftragte mache, gef\u00e4llt Ihnen und Sie wollen mich unterst\u00fctzen oder am liebsten selbst aktiv werden?<\/p>\n\n\n\n<p>Sprechen Sie mich direkt an:<\/p>\n\n\n\n<p>Petra von Thienen<br>Sachseng\u00e4sschen 3<br>86415 Mering<br><a href=\"mailto:kontakt@petravonthienen.de\">E-Mail<\/a><\/p>\n\n\n\n<p><a href=\"https:\/\/mering.de\/kultur-und-freizeit\/umwelt\" target=\"_blank\" rel=\"noreferrer noopener\">Auf der Meringer Gemeindeseite<\/a> finden Sie auch Informationen zu meiner Arbeit. <\/p>\n\n\n\n<p>Kommen Sie auf eine unserer gr\u00fcnen Veranstaltungen, abonnieren Sie unseren Newsletter oder werden Sie selbst aktiv. Alle Informationen dazu finden Sie auf der <a href=\"https:\/\/www.gruene-mering.de\/\" target=\"_blank\" rel=\"noreferrer noopener\">Webseite der Meringer Gr\u00fcnen<\/a>.<\/p>\n\n\n\n<p>Wenn Sie gleich N\u00e4gel mit K\u00f6pfen machen wollen und gr\u00fcnes Parteimitglied werden wollen, <a rel=\"noreferrer noopener\" aria-label=\"dann hier entlang. (\u00f6ffnet in neuem Tab)\" href=\"https:\/\/www.gruene.de\/mitglied-werden\" target=\"_blank\">dann hier entlang.<\/a> Sie werden dann automatisch zu unserer n\u00e4chsten Veranstaltung in Mering eingeladen und k\u00f6nnen uns kennenlernen.<\/p>\n","protected":false},"excerpt":{"rendered":"<p>Was ich als Kommunalpolitikerin und Umweltbeauftragte mache, gef\u00e4llt Ihnen und Sie wollen mich unterst\u00fctzen oder am liebsten selbst aktiv werden? Sprechen Sie mich direkt an: Petra von ThienenSachseng\u00e4sschen 386415 MeringE-Mail&#8230; <\/p>\n","protected":false},"author":1,"featured_media":0,"parent":0,"menu_order":0,"comment_status":"closed","ping_status":"closed","template":"","meta":{"footnotes":""},"jetpack_sharing_enabled":true,"_links":{"self":[{"href":"https:\/\/petravonthienen.de\/index.php?rest_route=\/wp\/v2\/pages\/15"}],"collection":[{"href":"https:\/\/petravonthienen.de\/index.php?rest_route=\/wp\/v2\/pages"}],"about":[{"href":"https:\/\/petravonthienen.de\/index.php?rest_route=\/wp\/v2\/types\/page"}],"author":[{"embeddable":true,"href":"https:\/\/petravonthienen.de\/index.php?rest_route=\/wp\/v2\/users\/1"}],"replies":[{"embeddable":true,"href":"https:\/\/petravonthienen.de\/index.php?rest_route=%2Fwp%2Fv2%2Fcomments&post=15"}],"version-history":[{"count":11,"href":"https:\/\/petravonthienen.de\/index.php?rest_route=\/wp\/v2\/pages\/15\/revisions"}],"predecessor-version":[{"id":890,"href":"https:\/\/petravonthienen.de\/index.php?rest_route=\/wp\/v2\/pages\/15\/revisions\/890"}],"wp:attachment":[{"href":"https:\/\/petravonthienen.de\/index.php?rest_route=%2Fwp%2Fv2%2Fmedia&parent=15"}],"curies":[{"name":"wp","href":"https:\/\/api.w.org\/{rel}","templated":true}]}}